{"id":221,"date":"2014-02-12T17:24:58","date_gmt":"2014-02-12T15:24:58","guid":{"rendered":"http:\/\/musikverein-riesbuerg.de\/mv\/?page_id=221"},"modified":"2019-05-17T08:01:49","modified_gmt":"2019-05-17T06:01:49","slug":"impressum","status":"publish","type":"page","link":"https:\/\/musikverein-riesbuerg.de\/?page_id=221","title":{"rendered":"Impressum"},"content":{"rendered":"\n<h2>Impressum<\/h2>\n\n\n<h3>Angaben gem\u00e4\u00df \u00a7 5 TMG:<\/h3>\n<p>Musikverein Riesb\u00fcrg e. V.<br>\n73469 Riesb\u00fcrg<\/p>\n<h3>Vertreten durch:<\/h3>\n<p>Robert Minder<br>\nFinkenweg 10<br>\nUtzmemmingen<\/p>\n<h3>Kontakt:<\/h3>\n<p>E mail: info@musikverein-riesbuerg.de<\/p>\n<h3>Registereintrag:<\/h3>\n<p>Eintragung im Vereinsregister.<\/p>\n<p>Registergericht:coming soon<br>\nRegisternummer: coming soon<\/p>\n<p>&nbsp;<\/p>\n<p><iframe loading=\"lazy\" style=\"border: 0;\" src=\"https:\/\/www.google.com\/maps\/embed?pb=!1m18!1m12!1m3!1d168111.183198005!2d10.444271314198785!3d48.82507476369909!2m3!1f0!2f0!3f0!3m2!1i1024!2i768!4f13.1!3m3!1m2!1s0x4799264ef397f0b1%3A0x41ffd3c8d097060!2zUmllc2LDvHJn!5e0!3m2!1sde!2sde!4v1392221077211\" width=\"400\" height=\"250\" frameborder=\"0\"><\/iframe><\/p>","protected":false},"excerpt":{"rendered":"<p>Impressum Angaben gem\u00e4\u00df \u00a7 5 TMG: Musikverein Riesb\u00fcrg e. V. 73469 Riesb\u00fcrg Vertreten durch: Robert Minder Finkenweg 10 Utzmemmingen Kontakt: E mail: info@musikverein-riesbuerg.de Registereintrag: Eintragung im Vereinsregister. Registergericht:coming soon Registernummer: coming soon &nbsp;<\/p>\n","protected":false},"author":1,"featured_media":0,"parent":0,"menu_order":0,"comment_status":"closed","ping_status":"closed","template":"","meta":[],"yoast_head":"<!-- This site is optimized with the Yoast SEO plugin v20.0 - https:\/\/yoast.com\/wordpress\/plugins\/seo\/ -->\n<title>Impressum - Musikverein Riesb\u00fcrg e.V.<\/title>\n<meta name=\"robots\" content=\"index, follow, max-snippet:-1, max-image-preview:large, max-video-preview:-1\" \/>\n<link rel=\"canonical\" href=\"https:\/\/musikverein-riesbuerg.de\/?page_id=221\" \/>\n<meta property=\"og:locale\" content=\"de_DE\" \/>\n<meta property=\"og:type\" content=\"article\" \/>\n<meta property=\"og:title\" content=\"Impressum - Musikverein Riesb\u00fcrg e.V.\" \/>\n<meta property=\"og:description\" content=\"Impressum Angaben gem\u00e4\u00df \u00a7 5 TMG: Musikverein Riesb\u00fcrg e. V. 73469 Riesb\u00fcrg Vertreten durch: Robert Minder Finkenweg 10 Utzmemmingen Kontakt: E mail: info@musikverein-riesbuerg.de Registereintrag: Eintragung im Vereinsregister. Registergericht:coming soon Registernummer: coming soon &nbsp;\" \/>\n<meta property=\"og:url\" content=\"https:\/\/musikverein-riesbuerg.de\/?page_id=221\" \/>\n<meta property=\"og:site_name\" content=\"Musikverein Riesb\u00fcrg e.V.\" \/>\n<meta property=\"article:modified_time\" content=\"2019-05-17T06:01:49+00:00\" \/>\n<meta name=\"twitter:card\" content=\"summary_large_image\" \/>\n<script type=\"application\/ld+json\" class=\"yoast-schema-graph\">{\"@context\":\"https:\/\/schema.org\",\"@graph\":[{\"@type\":\"WebPage\",\"@id\":\"https:\/\/musikverein-riesbuerg.de\/?page_id=221\",\"url\":\"https:\/\/musikverein-riesbuerg.de\/?page_id=221\",\"name\":\"Impressum - Musikverein Riesb\u00fcrg e.V.\",\"isPartOf\":{\"@id\":\"https:\/\/musikverein-riesbuerg.de\/#website\"},\"datePublished\":\"2014-02-12T15:24:58+00:00\",\"dateModified\":\"2019-05-17T06:01:49+00:00\",\"breadcrumb\":{\"@id\":\"https:\/\/musikverein-riesbuerg.de\/?page_id=221#breadcrumb\"},\"inLanguage\":\"de\",\"potentialAction\":[{\"@type\":\"ReadAction\",\"target\":[\"https:\/\/musikverein-riesbuerg.de\/?page_id=221\"]}]},{\"@type\":\"BreadcrumbList\",\"@id\":\"https:\/\/musikverein-riesbuerg.de\/?page_id=221#breadcrumb\",\"itemListElement\":[{\"@type\":\"ListItem\",\"position\":1,\"name\":\"Startseite\",\"item\":\"https:\/\/musikverein-riesbuerg.de\/\"},{\"@type\":\"ListItem\",\"position\":2,\"name\":\"Impressum\"}]},{\"@type\":\"WebSite\",\"@id\":\"https:\/\/musikverein-riesbuerg.de\/#website\",\"url\":\"https:\/\/musikverein-riesbuerg.de\/\",\"name\":\"Musikverein Riesb\u00fcrg e.V.\",\"description\":\"\",\"publisher\":{\"@id\":\"https:\/\/musikverein-riesbuerg.de\/#organization\"},\"potentialAction\":[{\"@type\":\"SearchAction\",\"target\":{\"@type\":\"EntryPoint\",\"urlTemplate\":\"https:\/\/musikverein-riesbuerg.de\/?s={search_term_string}\"},\"query-input\":\"required name=search_term_string\"}],\"inLanguage\":\"de\"},{\"@type\":\"Organization\",\"@id\":\"https:\/\/musikverein-riesbuerg.de\/#organization\",\"name\":\"Musikverein Riesb\u00fcrg e.V.\",\"url\":\"https:\/\/musikverein-riesbuerg.de\/\",\"logo\":{\"@type\":\"ImageObject\",\"inLanguage\":\"de\",\"@id\":\"https:\/\/musikverein-riesbuerg.de\/#\/schema\/logo\/image\/\",\"url\":\"https:\/\/musikverein-riesbuerg.de\/wp-content\/uploads\/cropped-mvr-wappen_durchsichtig_2.png\",\"contentUrl\":\"https:\/\/musikverein-riesbuerg.de\/wp-content\/uploads\/cropped-mvr-wappen_durchsichtig_2.png\",\"width\":250,\"height\":250,\"caption\":\"Musikverein Riesb\u00fcrg e.V.\"},\"image\":{\"@id\":\"https:\/\/musikverein-riesbuerg.de\/#\/schema\/logo\/image\/\"}}]}<\/script>\n<!-- \/ Yoast SEO plugin. -->","yoast_head_json":{"title":"Impressum - Musikverein Riesb\u00fcrg e.V.","robots":{"index":"index","follow":"follow","max-snippet":"max-snippet:-1","max-image-preview":"max-image-preview:large","max-video-preview":"max-video-preview:-1"},"canonical":"https:\/\/musikverein-riesbuerg.de\/?page_id=221","og_locale":"de_DE","og_type":"article","og_title":"Impressum - Musikverein Riesb\u00fcrg e.V.","og_description":"Impressum Angaben gem\u00e4\u00df \u00a7 5 TMG: Musikverein Riesb\u00fcrg e. V. 73469 Riesb\u00fcrg Vertreten durch: Robert Minder Finkenweg 10 Utzmemmingen Kontakt: E mail: info@musikverein-riesbuerg.de Registereintrag: Eintragung im Vereinsregister. Registergericht:coming soon Registernummer: coming soon &nbsp;","og_url":"https:\/\/musikverein-riesbuerg.de\/?page_id=221","og_site_name":"Musikverein Riesb\u00fcrg e.V.","article_modified_time":"2019-05-17T06:01:49+00:00","twitter_card":"summary_large_image","schema":{"@context":"https:\/\/schema.org","@graph":[{"@type":"WebPage","@id":"https:\/\/musikverein-riesbuerg.de\/?page_id=221","url":"https:\/\/musikverein-riesbuerg.de\/?page_id=221","name":"Impressum - Musikverein Riesb\u00fcrg e.V.","isPartOf":{"@id":"https:\/\/musikverein-riesbuerg.de\/#website"},"datePublished":"2014-02-12T15:24:58+00:00","dateModified":"2019-05-17T06:01:49+00:00","breadcrumb":{"@id":"https:\/\/musikverein-riesbuerg.de\/?page_id=221#breadcrumb"},"inLanguage":"de","potentialAction":[{"@type":"ReadAction","target":["https:\/\/musikverein-riesbuerg.de\/?page_id=221"]}]},{"@type":"BreadcrumbList","@id":"https:\/\/musikverein-riesbuerg.de\/?page_id=221#breadcrumb","itemListElement":[{"@type":"ListItem","position":1,"name":"Startseite","item":"https:\/\/musikverein-riesbuerg.de\/"},{"@type":"ListItem","position":2,"name":"Impressum"}]},{"@type":"WebSite","@id":"https:\/\/musikverein-riesbuerg.de\/#website","url":"https:\/\/musikverein-riesbuerg.de\/","name":"Musikverein Riesb\u00fcrg e.V.","description":"","publisher":{"@id":"https:\/\/musikverein-riesbuerg.de\/#organization"},"potentialAction":[{"@type":"SearchAction","target":{"@type":"EntryPoint","urlTemplate":"https:\/\/musikverein-riesbuerg.de\/?s={search_term_string}"},"query-input":"required name=search_term_string"}],"inLanguage":"de"},{"@type":"Organization","@id":"https:\/\/musikverein-riesbuerg.de\/#organization","name":"Musikverein Riesb\u00fcrg e.V.","url":"https:\/\/musikverein-riesbuerg.de\/","logo":{"@type":"ImageObject","inLanguage":"de","@id":"https:\/\/musikverein-riesbuerg.de\/#\/schema\/logo\/image\/","url":"https:\/\/musikverein-riesbuerg.de\/wp-content\/uploads\/cropped-mvr-wappen_durchsichtig_2.png","contentUrl":"https:\/\/musikverein-riesbuerg.de\/wp-content\/uploads\/cropped-mvr-wappen_durchsichtig_2.png","width":250,"height":250,"caption":"Musikverein Riesb\u00fcrg e.V."},"image":{"@id":"https:\/\/musikverein-riesbuerg.de\/#\/schema\/logo\/image\/"}}]}},"_links":{"self":[{"href":"https:\/\/musikverein-riesbuerg.de\/index.php?rest_route=\/wp\/v2\/pages\/221"}],"collection":[{"href":"https:\/\/musikverein-riesbuerg.de\/index.php?rest_route=\/wp\/v2\/pages"}],"about":[{"href":"https:\/\/musikverein-riesbuerg.de\/index.php?rest_route=\/wp\/v2\/types\/page"}],"author":[{"embeddable":true,"href":"https:\/\/musikverein-riesbuerg.de\/index.php?rest_route=\/wp\/v2\/users\/1"}],"replies":[{"embeddable":true,"href":"https:\/\/musikverein-riesbuerg.de\/index.php?rest_route=%2Fwp%2Fv2%2Fcomments&post=221"}],"version-history":[{"count":17,"href":"https:\/\/musikverein-riesbuerg.de\/index.php?rest_route=\/wp\/v2\/pages\/221\/revisions"}],"predecessor-version":[{"id":1120,"href":"https:\/\/musikverein-riesbuerg.de\/index.php?rest_route=\/wp\/v2\/pages\/221\/revisions\/1120"}],"wp:attachment":[{"href":"https:\/\/musikverein-riesbuerg.de\/index.php?rest_route=%2Fwp%2Fv2%2Fmedia&parent=221"}],"curies":[{"name":"wp","href":"https:\/\/api.w.org\/{rel}","templated":true}]}}