{"id":190,"date":"2014-02-11T20:25:55","date_gmt":"2014-02-11T18:25:55","guid":{"rendered":"http:\/\/musikverein-riesbuerg.de\/mv\/?page_id=190"},"modified":"2019-05-17T07:59:23","modified_gmt":"2019-05-17T05:59:23","slug":"jugendausbildung","status":"publish","type":"page","link":"https:\/\/musikverein-riesbuerg.de\/?page_id=190","title":{"rendered":"Jugendausbildung"},"content":{"rendered":"\n<h2>Jugendausbildung<\/h2>\n\n\n<p>Aus wissenschaftlichen Studien ging mittlerweile hervor, dass Musik klug macht.<br>\nIntensive Besch\u00e4ftigung mit der Musik und das aktive Musizieren f\u00f6rdern Pers\u00f6nlichkeitseigenschaften und Verhaltensweisen wie Ausdauer, Stetigkeit, Zuverl\u00e4ssigkeit und Konzentration.<br>\nAu\u00dferdem geh\u00f6ren das Notenlesen und andere Grundkenntnisse in der Musik heute zur Allgemeinbildung.<br>\nBei uns im Verein lernt ein Kind, Jugendlicher oder gar Erwachsener nicht nur das Spielen eines Instruments, sondern ihm werden auch theoretisches Wissen und rhythmische Kenntnisse vermittelt.<\/p>\n<p>Das Mindestalter, um eine Ausbildung zu beginnen, liegt bei acht Jahren, nach oben sind keine Grenzen gesetzt.<br>\nDer Unterricht findet einmal w\u00f6chentlich im Wohnort des Auszubildenden statt. Eine Unterrichtseinheit dauert 45 Minuten und kostet 10 \u20ac. Berechnet werden dabei nur abgehaltene Stunden, es entstehen also keine Kosten bei Krankheit oder Ferien.<br>\nUm diese im Vergleich zur Musikschule g\u00fcnstige Ausbildung genie\u00dfen zu k\u00f6nnen, muss der Sch\u00fcler bzw. die Sch\u00fclerin dem Musikverein beitreten (siehe Vereinsbeitritt).<br>\nAusgebildet werden Instrumente, die in unserer Kapelle eingesetzt werden k\u00f6nnen:<\/p>\n<ul>\n<li>Holzblasinstrumente:<br>\nQuerfl\u00f6te, Klarinette, Saxophon (Klarinettenausbildung ist hierf\u00fcr Voraussetzung)<\/li>\n<li>Blechblasinstrumente:<br>\nTrompete, Fl\u00fcgelhorn, Waldhorn, Tenorhorn, Bariton, Posaune, Tuba<\/li>\n<li>Schlagwerk:<br>\nSchlagzeug, Percussioninstrumente<\/li>\n<\/ul>\n<p>Selbstverst\u00e4ndlich besteht auch jederzeit die M\u00f6glichkeit, Lehrg\u00e4nge zu besuchen und verschiedene Pr\u00fcfungen zu absolvieren.<br>\nNach zwei bis drei Jahren Ausbildung kann man schon bei uns in der Kapelle mitspielen.<\/p>\n<p>Kommen Sie doch einfach mal vorbei und schauen Sie sich alles an.<\/p>","protected":false},"excerpt":{"rendered":"<p>Jugendausbildung Aus wissenschaftlichen Studien ging mittlerweile hervor, dass Musik klug macht. Intensive Besch\u00e4ftigung mit der Musik und das aktive Musizieren f\u00f6rdern Pers\u00f6nlichkeitseigenschaften und Verhaltensweisen wie Ausdauer, Stetigkeit, Zuverl\u00e4ssigkeit und Konzentration. Au\u00dferdem geh\u00f6ren das Notenlesen und andere Grundkenntnisse in der Musik heute zur Allgemeinbildung. Bei uns im Verein lernt ein Kind, Jugendlicher oder gar Erwachsener nicht &hellip; <\/p>\n<p class=\"link-more\"><a href=\"https:\/\/musikverein-riesbuerg.de\/?page_id=190\" class=\"more-link\"><span class=\"screen-reader-text\">\u201eJugendausbildung\u201c<\/span> weiterlesen<\/a><\/p>\n","protected":false},"author":1,"featured_media":0,"parent":2,"menu_order":0,"comment_status":"closed","ping_status":"closed","template":"","meta":[],"yoast_head":"<!-- This site is optimized with the Yoast SEO plugin v20.0 - https:\/\/yoast.com\/wordpress\/plugins\/seo\/ -->\n<title>Jugendausbildung - Musikverein Riesb\u00fcrg e.V.<\/title>\n<meta name=\"robots\" content=\"index, follow, max-snippet:-1, max-image-preview:large, max-video-preview:-1\" \/>\n<link rel=\"canonical\" href=\"https:\/\/musikverein-riesbuerg.de\/?page_id=190\" \/>\n<meta property=\"og:locale\" content=\"de_DE\" \/>\n<meta property=\"og:type\" content=\"article\" \/>\n<meta property=\"og:title\" content=\"Jugendausbildung - Musikverein Riesb\u00fcrg e.V.\" \/>\n<meta property=\"og:description\" content=\"Jugendausbildung Aus wissenschaftlichen Studien ging mittlerweile hervor, dass Musik klug macht. Intensive Besch\u00e4ftigung mit der Musik und das aktive Musizieren f\u00f6rdern Pers\u00f6nlichkeitseigenschaften und Verhaltensweisen wie Ausdauer, Stetigkeit, Zuverl\u00e4ssigkeit und Konzentration. Au\u00dferdem geh\u00f6ren das Notenlesen und andere Grundkenntnisse in der Musik heute zur Allgemeinbildung. Bei uns im Verein lernt ein Kind, Jugendlicher oder gar Erwachsener nicht &hellip; \u201eJugendausbildung\u201c weiterlesen\" \/>\n<meta property=\"og:url\" content=\"https:\/\/musikverein-riesbuerg.de\/?page_id=190\" \/>\n<meta property=\"og:site_name\" content=\"Musikverein Riesb\u00fcrg e.V.\" \/>\n<meta property=\"article:modified_time\" content=\"2019-05-17T05:59:23+00:00\" \/>\n<meta name=\"twitter:card\" content=\"summary_large_image\" \/>\n<meta name=\"twitter:label1\" content=\"Gesch\u00e4tzte Lesezeit\" \/>\n\t<meta name=\"twitter:data1\" content=\"1\u00a0Minute\" \/>\n<script type=\"application\/ld+json\" class=\"yoast-schema-graph\">{\"@context\":\"https:\/\/schema.org\",\"@graph\":[{\"@type\":\"WebPage\",\"@id\":\"https:\/\/musikverein-riesbuerg.de\/?page_id=190\",\"url\":\"https:\/\/musikverein-riesbuerg.de\/?page_id=190\",\"name\":\"Jugendausbildung - Musikverein Riesb\u00fcrg e.V.\",\"isPartOf\":{\"@id\":\"https:\/\/musikverein-riesbuerg.de\/#website\"},\"datePublished\":\"2014-02-11T18:25:55+00:00\",\"dateModified\":\"2019-05-17T05:59:23+00:00\",\"breadcrumb\":{\"@id\":\"https:\/\/musikverein-riesbuerg.de\/?page_id=190#breadcrumb\"},\"inLanguage\":\"de\",\"potentialAction\":[{\"@type\":\"ReadAction\",\"target\":[\"https:\/\/musikverein-riesbuerg.de\/?page_id=190\"]}]},{\"@type\":\"BreadcrumbList\",\"@id\":\"https:\/\/musikverein-riesbuerg.de\/?page_id=190#breadcrumb\",\"itemListElement\":[{\"@type\":\"ListItem\",\"position\":1,\"name\":\"Startseite\",\"item\":\"https:\/\/musikverein-riesbuerg.de\/\"},{\"@type\":\"ListItem\",\"position\":2,\"name\":\"Verein\",\"item\":\"https:\/\/musikverein-riesbuerg.de\/?page_id=2\"},{\"@type\":\"ListItem\",\"position\":3,\"name\":\"Jugendausbildung\"}]},{\"@type\":\"WebSite\",\"@id\":\"https:\/\/musikverein-riesbuerg.de\/#website\",\"url\":\"https:\/\/musikverein-riesbuerg.de\/\",\"name\":\"Musikverein Riesb\u00fcrg e.V.\",\"description\":\"\",\"publisher\":{\"@id\":\"https:\/\/musikverein-riesbuerg.de\/#organization\"},\"potentialAction\":[{\"@type\":\"SearchAction\",\"target\":{\"@type\":\"EntryPoint\",\"urlTemplate\":\"https:\/\/musikverein-riesbuerg.de\/?s={search_term_string}\"},\"query-input\":\"required name=search_term_string\"}],\"inLanguage\":\"de\"},{\"@type\":\"Organization\",\"@id\":\"https:\/\/musikverein-riesbuerg.de\/#organization\",\"name\":\"Musikverein Riesb\u00fcrg e.V.\",\"url\":\"https:\/\/musikverein-riesbuerg.de\/\",\"logo\":{\"@type\":\"ImageObject\",\"inLanguage\":\"de\",\"@id\":\"https:\/\/musikverein-riesbuerg.de\/#\/schema\/logo\/image\/\",\"url\":\"https:\/\/musikverein-riesbuerg.de\/wp-content\/uploads\/cropped-mvr-wappen_durchsichtig_2.png\",\"contentUrl\":\"https:\/\/musikverein-riesbuerg.de\/wp-content\/uploads\/cropped-mvr-wappen_durchsichtig_2.png\",\"width\":250,\"height\":250,\"caption\":\"Musikverein Riesb\u00fcrg e.V.\"},\"image\":{\"@id\":\"https:\/\/musikverein-riesbuerg.de\/#\/schema\/logo\/image\/\"}}]}<\/script>\n<!-- \/ Yoast SEO plugin. -->","yoast_head_json":{"title":"Jugendausbildung - Musikverein Riesb\u00fcrg e.V.","robots":{"index":"index","follow":"follow","max-snippet":"max-snippet:-1","max-image-preview":"max-image-preview:large","max-video-preview":"max-video-preview:-1"},"canonical":"https:\/\/musikverein-riesbuerg.de\/?page_id=190","og_locale":"de_DE","og_type":"article","og_title":"Jugendausbildung - Musikverein Riesb\u00fcrg e.V.","og_description":"Jugendausbildung Aus wissenschaftlichen Studien ging mittlerweile hervor, dass Musik klug macht. Intensive Besch\u00e4ftigung mit der Musik und das aktive Musizieren f\u00f6rdern Pers\u00f6nlichkeitseigenschaften und Verhaltensweisen wie Ausdauer, Stetigkeit, Zuverl\u00e4ssigkeit und Konzentration. Au\u00dferdem geh\u00f6ren das Notenlesen und andere Grundkenntnisse in der Musik heute zur Allgemeinbildung. Bei uns im Verein lernt ein Kind, Jugendlicher oder gar Erwachsener nicht &hellip; \u201eJugendausbildung\u201c weiterlesen","og_url":"https:\/\/musikverein-riesbuerg.de\/?page_id=190","og_site_name":"Musikverein Riesb\u00fcrg e.V.","article_modified_time":"2019-05-17T05:59:23+00:00","twitter_card":"summary_large_image","twitter_misc":{"Gesch\u00e4tzte Lesezeit":"1\u00a0Minute"},"schema":{"@context":"https:\/\/schema.org","@graph":[{"@type":"WebPage","@id":"https:\/\/musikverein-riesbuerg.de\/?page_id=190","url":"https:\/\/musikverein-riesbuerg.de\/?page_id=190","name":"Jugendausbildung - Musikverein Riesb\u00fcrg e.V.","isPartOf":{"@id":"https:\/\/musikverein-riesbuerg.de\/#website"},"datePublished":"2014-02-11T18:25:55+00:00","dateModified":"2019-05-17T05:59:23+00:00","breadcrumb":{"@id":"https:\/\/musikverein-riesbuerg.de\/?page_id=190#breadcrumb"},"inLanguage":"de","potentialAction":[{"@type":"ReadAction","target":["https:\/\/musikverein-riesbuerg.de\/?page_id=190"]}]},{"@type":"BreadcrumbList","@id":"https:\/\/musikverein-riesbuerg.de\/?page_id=190#breadcrumb","itemListElement":[{"@type":"ListItem","position":1,"name":"Startseite","item":"https:\/\/musikverein-riesbuerg.de\/"},{"@type":"ListItem","position":2,"name":"Verein","item":"https:\/\/musikverein-riesbuerg.de\/?page_id=2"},{"@type":"ListItem","position":3,"name":"Jugendausbildung"}]},{"@type":"WebSite","@id":"https:\/\/musikverein-riesbuerg.de\/#website","url":"https:\/\/musikverein-riesbuerg.de\/","name":"Musikverein Riesb\u00fcrg e.V.","description":"","publisher":{"@id":"https:\/\/musikverein-riesbuerg.de\/#organization"},"potentialAction":[{"@type":"SearchAction","target":{"@type":"EntryPoint","urlTemplate":"https:\/\/musikverein-riesbuerg.de\/?s={search_term_string}"},"query-input":"required name=search_term_string"}],"inLanguage":"de"},{"@type":"Organization","@id":"https:\/\/musikverein-riesbuerg.de\/#organization","name":"Musikverein Riesb\u00fcrg e.V.","url":"https:\/\/musikverein-riesbuerg.de\/","logo":{"@type":"ImageObject","inLanguage":"de","@id":"https:\/\/musikverein-riesbuerg.de\/#\/schema\/logo\/image\/","url":"https:\/\/musikverein-riesbuerg.de\/wp-content\/uploads\/cropped-mvr-wappen_durchsichtig_2.png","contentUrl":"https:\/\/musikverein-riesbuerg.de\/wp-content\/uploads\/cropped-mvr-wappen_durchsichtig_2.png","width":250,"height":250,"caption":"Musikverein Riesb\u00fcrg e.V."},"image":{"@id":"https:\/\/musikverein-riesbuerg.de\/#\/schema\/logo\/image\/"}}]}},"_links":{"self":[{"href":"https:\/\/musikverein-riesbuerg.de\/index.php?rest_route=\/wp\/v2\/pages\/190"}],"collection":[{"href":"https:\/\/musikverein-riesbuerg.de\/index.php?rest_route=\/wp\/v2\/pages"}],"about":[{"href":"https:\/\/musikverein-riesbuerg.de\/index.php?rest_route=\/wp\/v2\/types\/page"}],"author":[{"embeddable":true,"href":"https:\/\/musikverein-riesbuerg.de\/index.php?rest_route=\/wp\/v2\/users\/1"}],"replies":[{"embeddable":true,"href":"https:\/\/musikverein-riesbuerg.de\/index.php?rest_route=%2Fwp%2Fv2%2Fcomments&post=190"}],"version-history":[{"count":4,"href":"https:\/\/musikverein-riesbuerg.de\/index.php?rest_route=\/wp\/v2\/pages\/190\/revisions"}],"predecessor-version":[{"id":1117,"href":"https:\/\/musikverein-riesbuerg.de\/index.php?rest_route=\/wp\/v2\/pages\/190\/revisions\/1117"}],"up":[{"embeddable":true,"href":"https:\/\/musikverein-riesbuerg.de\/index.php?rest_route=\/wp\/v2\/pages\/2"}],"wp:attachment":[{"href":"https:\/\/musikverein-riesbuerg.de\/index.php?rest_route=%2Fwp%2Fv2%2Fmedia&parent=190"}],"curies":[{"name":"wp","href":"https:\/\/api.w.org\/{rel}","templated":true}]}}